{"id":8852,"date":"2019-10-24T18:43:34","date_gmt":"2019-10-24T16:43:34","guid":{"rendered":"https:\/\/pravdavlaske.sk\/?page_id=8852"},"modified":"2025-12-05T18:45:16","modified_gmt":"2025-12-05T17:45:16","slug":"zdroje-wp-old","status":"publish","type":"page","link":"https:\/\/pravdavlaske.sk\/en\/zdroje-wp-old\/","title":{"rendered":"Zdroje"},"content":{"rendered":"<h3 class=\"wp-block-heading\">Kazatelia &amp; Autori<\/h3>\n\n\n\n<div class=\"wp-block-columns is-layout-flex wp-container-core-columns-is-layout-9d6595d7 wp-block-columns-is-layout-flex\">\n<div class=\"wp-block-column is-layout-flow wp-block-column-is-layout-flow\">\n<p><a href=\"https:\/\/pravdavlaske.sk\/en\/tag\/paul-washer\/\">Paul Washer<\/a><\/p>\n\n\n\n<p><a href=\"https:\/\/pravdavlaske.sk\/en\/tag\/john-macarthur\/\">John MacArthur<\/a><\/p>\n\n\n\n<p><a href=\"https:\/\/pravdavlaske.sk\/en\/tag\/john-piper\/\">John Piper<\/a><\/p>\n\n\n\n<p><a href=\"https:\/\/pravdavlaske.sk\/en\/tag\/rc-sproul\/\">R.C. Sproul<\/a><\/p>\n\n\n\n<p><a href=\"https:\/\/pravdavlaske.sk\/en\/tag\/tim-conway\/\">Tim Conway<\/a><\/p>\n\n\n\n<p><a href=\"https:\/\/pravdavlaske.sk\/en\/tag\/voddie-baucham\/\">Voddie Baucham<\/a><\/p>\n<\/div>\n\n\n\n<div class=\"wp-block-column is-layout-flow wp-block-column-is-layout-flow\">\n<p><a href=\"https:\/\/pravdavlaske.sk\/en\/tag\/todd-friel\/\">Todd Friel<\/a><\/p>\n\n\n\n<p><a href=\"https:\/\/pravdavlaske.sk\/en\/tag\/justin-peters\/\">Justin Peters&nbsp;<\/a><\/p>\n\n\n\n<p><a href=\"https:\/\/pravdavlaske.sk\/en\/tag\/james-white\/\">James White<\/a><\/p>\n\n\n\n<p><a href=\"https:\/\/pravdavlaske.sk\/en\/tag\/wayne-grudem\/\">Wayne Grudem&nbsp;<\/a><\/p>\n\n\n\n<p><a href=\"https:\/\/pravdavlaske.sk\/en\/tag\/sinclair-ferguson\/\">Sinclair Ferguson<\/a><\/p>\n\n\n\n<p><a href=\"https:\/\/pravdavlaske.sk\/en\/tag\/jan-kalvin\/\">J\u00e1n Kalv\u00edn<\/a><\/p>\n<\/div>\n\n\n\n<div class=\"wp-block-column is-layout-flow wp-block-column-is-layout-flow\">\n<p><a href=\"https:\/\/pravdavlaske.sk\/en\/tag\/martin-luther\/\">Martin Luther<\/a><\/p>\n\n\n\n<p><a href=\"https:\/\/pravdavlaske.sk\/en\/tag\/charles-spurgeon\/\">Charles Spurgeon<\/a><\/p>\n\n\n\n<p><a href=\"https:\/\/pravdavlaske.sk\/en\/tag\/thomas-watson\/\">Thomas Watson<\/a><\/p>\n\n\n\n<p><a href=\"https:\/\/pravdavlaske.sk\/en\/tag\/arthur-pink\/\">Arthur W. Pink<\/a><\/p>\n\n\n\n<p><a href=\"https:\/\/pravdavlaske.sk\/en\/tag\/jc-ryle\/\">J.C. Ryle<\/a><\/p>\n<\/div>\n<\/div>\n\n\n\n<h3 class=\"wp-block-heading\">T\u00e9my<\/h3>\n\n\n\n<div class=\"wp-block-columns is-layout-flex wp-container-core-columns-is-layout-9d6595d7 wp-block-columns-is-layout-flex\">\n<div class=\"wp-block-column is-layout-flow wp-block-column-is-layout-flow\">\n<p><a href=\"https:\/\/pravdavlaske.sk\/en\/tag\/biografia\/\">Biografia<\/a><\/p>\n\n\n\n<p><a href=\"https:\/\/pravdavlaske.sk\/en\/tag\/sviatosti\/\">Sviatosti<\/a><\/p>\n\n\n\n<p><a href=\"https:\/\/pravdavlaske.sk\/en\/tag\/nebo-peklo\/\">Nebo &amp; peklo<\/a><\/p>\n\n\n\n<p><a href=\"https:\/\/pravdavlaske.sk\/en\/tag\/cirkevna-historia\/\">Cirkevn\u00e1 hist\u00f3ria&nbsp;<\/a><\/p>\n\n\n\n<p><a href=\"https:\/\/pravdavlaske.sk\/en\/tag\/boh\/\">Boh<\/a><\/p>\n\n\n\n<p><a href=\"https:\/\/pravdavlaske.sk\/en\/tag\/evanjelium\/\">Evanjelium<\/a><\/p>\n\n\n\n<p><a href=\"https:\/\/pravdavlaske.sk\/en\/tag\/rodinny-zivot\/\">Rodinn\u00fd \u017eivot<\/a><\/p>\n\n\n\n<p><a href=\"https:\/\/pravdavlaske.sk\/en\/tag\/jezis-kristus\/\">Je\u017ei\u0161 Kristus<\/a><\/p>\n\n\n\n<p><a href=\"https:\/\/pravdavlaske.sk\/en\/tag\/znovuzrodenie\/\">Znovuzrodenie<\/a><\/p>\n<\/div>\n\n\n\n<div class=\"wp-block-column is-layout-flow wp-block-column-is-layout-flow\">\n<p><a href=\"https:\/\/pravdavlaske.sk\/en\/tag\/spasenie\/\">Spasenie<\/a><\/p>\n\n\n\n<p><a href=\"https:\/\/pravdavlaske.sk\/en\/tag\/duch-svaty\/\">Duch Sv\u00e4t\u00fd<\/a><\/p>\n\n\n\n<p><a href=\"https:\/\/pravdavlaske.sk\/en\/tag\/stvorenie-sveta\/\">Stvorenie sveta<\/a><\/p>\n\n\n\n<p><a href=\"https:\/\/pravdavlaske.sk\/en\/tag\/biblia\/\">Biblia<\/a><\/p>\n\n\n\n<p><a href=\"https:\/\/pravdavlaske.sk\/en\/tag\/rimsky-katolicizmus\/\">R\u00edmsky katolicizmus<\/a><\/p>\n\n\n\n<p><a href=\"https:\/\/pravdavlaske.sk\/en\/tag\/svedectvo\/\">Svedectvo<\/a><\/p>\n\n\n\n<p><a href=\"https:\/\/pravdavlaske.sk\/en\/tag\/modlitba\/\">Modlitba<\/a><\/p>\n\n\n\n<p><a href=\"https:\/\/pravdavlaske.sk\/en\/tag\/krestansky-zivot\/\">Kres\u0165ansk\u00fd \u017eivot<\/a><\/p>\n\n\n\n<p><a href=\"https:\/\/pravdavlaske.sk\/en\/tag\/kazanie\/\">K\u00e1zanie<\/a><\/p>\n<\/div>\n\n\n\n<div class=\"wp-block-column is-layout-flow wp-block-column-is-layout-flow\">\n<p><a href=\"https:\/\/pravdavlaske.sk\/en\/tag\/uctievanie-chvaly\/\">Uctievanie &amp; chv\u00e1ly<\/a><\/p>\n\n\n\n<p><a href=\"https:\/\/pravdavlaske.sk\/en\/tag\/hriech\/\">Hriech<\/a><\/p>\n\n\n\n<p><a href=\"https:\/\/pravdavlaske.sk\/en\/tag\/zla-teologia\/\">Zl\u00e1 teol\u00f3gia<\/a><\/p>\n\n\n\n<p><a href=\"https:\/\/pravdavlaske.sk\/en\/tag\/laska\/\">L\u00e1ska<\/a><\/p>\n\n\n\n<p><a href=\"https:\/\/pravdavlaske.sk\/en\/tag\/vyvolenie\/\">Vyvolenie<\/a><\/p>\n\n\n\n<p><a href=\"https:\/\/pravdavlaske.sk\/en\/tag\/pokanie\/\">Pok\u00e1nie<\/a><\/p>\n\n\n\n<p><a href=\"https:\/\/pravdavlaske.sk\/en\/tag\/manzelstvo\/\">Man\u017eelstvo<\/a><\/p>\n\n\n\n<p><a href=\"https:\/\/pravdavlaske.sk\/en\/tag\/zivot-v-cirkvi\/\">\u017divot v cirkvi<\/a><\/p>\n\n\n\n<p><a href=\"https:\/\/pravdavlaske.sk\/en\/tag\/clovek\/\">\u010clovek<\/a><\/p>\n\n\n\n<p><a href=\"https:\/\/pravdavlaske.sk\/en\/tag\/misia\/\">Misia<\/a><\/p>\n<\/div>\n<\/div>","protected":false},"excerpt":{"rendered":"<p>Kazatelia &amp; Autori Paul Washer John MacArthur John Piper R.C. Sproul Tim Conway Voddie Baucham Todd Friel Justin Peters&nbsp; James White Wayne Grudem&nbsp; Sinclair Ferguson J\u00e1n Kalv\u00edn Martin Luther Charles Spurgeon Thomas Watson Arthur W. Pink J.C. Ryle T\u00e9my Biografia Sviatosti Nebo &amp; peklo Cirkevn\u00e1 hist\u00f3ria&nbsp; Boh Evanjelium Rodinn\u00fd \u017eivot Je\u017ei\u0161 Kristus Znovuzrodenie Spasenie Duch&#8230;<\/p>","protected":false},"author":1,"featured_media":0,"parent":0,"menu_order":0,"comment_status":"closed","ping_status":"closed","template":"","meta":{"footnotes":""},"class_list":["post-8852","page","type-page","status-publish","hentry"],"_links":{"self":[{"href":"https:\/\/pravdavlaske.sk\/en\/wp-json\/wp\/v2\/pages\/8852","targetHints":{"allow":["GET"]}}],"collection":[{"href":"https:\/\/pravdavlaske.sk\/en\/wp-json\/wp\/v2\/pages"}],"about":[{"href":"https:\/\/pravdavlaske.sk\/en\/wp-json\/wp\/v2\/types\/page"}],"author":[{"embeddable":true,"href":"https:\/\/pravdavlaske.sk\/en\/wp-json\/wp\/v2\/users\/1"}],"replies":[{"embeddable":true,"href":"https:\/\/pravdavlaske.sk\/en\/wp-json\/wp\/v2\/comments?post=8852"}],"version-history":[{"count":5,"href":"https:\/\/pravdavlaske.sk\/en\/wp-json\/wp\/v2\/pages\/8852\/revisions"}],"predecessor-version":[{"id":11262,"href":"https:\/\/pravdavlaske.sk\/en\/wp-json\/wp\/v2\/pages\/8852\/revisions\/11262"}],"wp:attachment":[{"href":"https:\/\/pravdavlaske.sk\/en\/wp-json\/wp\/v2\/media?parent=8852"}],"curies":[{"name":"wp","href":"https:\/\/api.w.org\/{rel}","templated":true}]}}