{"id":3705,"date":"2016-12-12T11:53:00","date_gmt":"2016-12-12T10:53:00","guid":{"rendered":"https:\/\/pravdavlaske.sk\/?page_id=3705"},"modified":"2025-10-28T20:34:15","modified_gmt":"2025-10-28T19:34:15","slug":"linky","status":"publish","type":"page","link":"https:\/\/pravdavlaske.sk\/en\/linky\/","title":{"rendered":"Linky"},"content":{"rendered":"<section class=\"l-section wpb_row height_medium\"><div class=\"l-section-h i-cf\"><div class=\"g-cols type_default\"><div class=\"vc_col-sm-4 wpb_column vc_column_container\"><div class=\"vc_column-inner\"><div class=\"wpb_wrapper\"><div class=\"w-iconbox iconpos_top style_default color_primary icontype_img\"><a class=\"w-iconbox-link\" href=\"http:\/\/www.desiringgod.org\/languages\/czech\" target=\"_blank\"><div class=\"w-iconbox-icon\" style=\"font-size:200px;\"><img loading=\"lazy\" decoding=\"async\" src=\"https:\/\/pravdavlaske.sk\/wp-content\/uploads\/2016\/12\/Desiring-God.png\" width=\"450\" height=\"121\" alt=\"T\u00fa\u017eba po Bohu\"><\/div><h4 class=\"w-iconbox-title\">T\u00fa\u017eba po Bohu<\/h4><\/a><div class=\"w-iconbox-text\">K\u00e1zania pastora Johna Pipera v \u010destine.<\/div><\/div><\/div><\/div><\/div><div class=\"vc_col-sm-4 wpb_column vc_column_container\"><div class=\"vc_column-inner\"><div class=\"wpb_wrapper\"><div class=\"w-iconbox iconpos_top style_default color_primary icontype_img\"><a class=\"w-iconbox-link\" href=\"http:\/\/biblickyinstitut.cz\/cs\/uvod\/\" target=\"_blank\"><div class=\"w-iconbox-icon\" style=\"font-size:200px;\"><img loading=\"lazy\" decoding=\"async\" src=\"https:\/\/pravdavlaske.sk\/wp-content\/uploads\/2016\/12\/cbi.jpg\" width=\"216\" height=\"106\" alt=\"\u010cesk\u00fd biblick\u00fd in\u0161tit\u00fat\"><\/div><h4 class=\"w-iconbox-title\">\u010cesk\u00fd biblick\u00fd in\u0161tit\u00fat<\/h4><\/a><div class=\"w-iconbox-text\">In\u0161tit\u00fat spolupracuje s miestnymi cirkvami na vyu\u010dovan\u00ed a pr\u00edprave vern\u00fdch mu\u017eov a \u017eien k dielu slu\u017eby.<\/div><\/div><\/div><\/div><\/div><div class=\"vc_col-sm-4 wpb_column vc_column_container\"><div class=\"vc_column-inner\"><div class=\"wpb_wrapper\"><div class=\"w-iconbox iconpos_top style_default color_primary icontype_img\"><a class=\"w-iconbox-link\" href=\"http:\/\/illbehonest.com\/slovak\/\" target=\"_blank\"><div class=\"w-iconbox-icon\" style=\"font-size:70px;\"><img loading=\"lazy\" decoding=\"async\" src=\"https:\/\/pravdavlaske.sk\/wp-content\/uploads\/2016\/12\/photo.jpg\" width=\"900\" height=\"900\" alt=\"I'll Be Honest Slovak\"><\/div><h4 class=\"w-iconbox-title\">I'll Be Honest Slovak<\/h4><\/a><div class=\"w-iconbox-text\">Web s kres\u0165ansk\u00fdmi k\u00e1z\u0148ami aj v slovenskom jazyku.<\/div><\/div><\/div><\/div><\/div><div class=\"vc_col-sm-12 wpb_column vc_column_container\"><div class=\"vc_column-inner\"><div class=\"wpb_wrapper\"><\/div><\/div><\/div><\/div><\/div><\/section>\n\n\n<section class=\"l-section wpb_row height_medium\"><div class=\"l-section-h i-cf\"><div class=\"g-cols type_default\"><div class=\"vc_col-sm-4 wpb_column vc_column_container\"><div class=\"vc_column-inner\"><div class=\"wpb_wrapper\"><div class=\"w-iconbox iconpos_top style_default color_primary icontype_img\"><a class=\"w-iconbox-link\" href=\"http:\/\/www.hcjb.cz\/\" target=\"_blank\"><div class=\"w-iconbox-icon\" style=\"font-size:150px;\"><img loading=\"lazy\" decoding=\"async\" src=\"https:\/\/pravdavlaske.sk\/wp-content\/uploads\/2016\/12\/Hcjb_global_logo.svg_.png\" width=\"2000\" height=\"1490\" alt=\"\u010casopis Z\u00e1pas o du\u0161i a HCJB r\u00e1dio\"><\/div><h4 class=\"w-iconbox-title\">\u010casopis Z\u00e1pas o du\u0161i a HCJB r\u00e1dio<\/h4><\/a><div class=\"w-iconbox-text\">Arch\u00edv \u010dl\u00e1nkov a k\u00e1zn\u00ed v \u010deskom a slovenskom jazyku. Evanjelik\u00e1lna misijn\u00e1 stanica HCJB.<\/div><\/div><\/div><\/div><\/div><div class=\"vc_col-sm-4 wpb_column vc_column_container\"><div class=\"vc_column-inner\"><div class=\"wpb_wrapper\"><div class=\"w-iconbox iconpos_top style_default color_primary icontype_img\"><a class=\"w-iconbox-link\" href=\"http:\/\/reformace.cz\/\" target=\"_blank\"><div class=\"w-iconbox-icon\" style=\"font-size:150px;\"><img loading=\"lazy\" decoding=\"async\" src=\"https:\/\/pravdavlaske.sk\/wp-content\/uploads\/2016\/12\/reformace-viac-poyadia.png\" width=\"260\" height=\"182\" alt=\"\u010casopis Reformace a Z\u00e1pas o du\u0161i\"><\/div><h4 class=\"w-iconbox-title\">\u010casopis Reformace a Z\u00e1pas o du\u0161i<\/h4><\/a><div class=\"w-iconbox-text\">Misijn\u00e1 slu\u017eba nes\u00faca Bo\u017eie Slovo do cel\u00e9ho sveta a vychov\u00e1vaj\u00faca u\u010den\u00edkov.<\/div><\/div><\/div><\/div><\/div><div class=\"vc_col-sm-4 wpb_column vc_column_container\"><div class=\"vc_column-inner\"><div class=\"wpb_wrapper\"><div class=\"w-iconbox iconpos_top style_default color_primary icontype_img\"><a class=\"w-iconbox-link\" href=\"http:\/\/didasko.cz\/\" target=\"_blank\"><div class=\"w-iconbox-icon\" style=\"font-size:250px;\"><img loading=\"lazy\" decoding=\"async\" src=\"https:\/\/pravdavlaske.sk\/wp-content\/uploads\/2016\/12\/didasko.png\" width=\"622\" height=\"262\" alt=\"Didasko\"><\/div><h4 class=\"w-iconbox-title\">Didasko<\/h4><\/a><div class=\"w-iconbox-text\">Vydavate\u013estvo<\/div><\/div><\/div><\/div><\/div><div class=\"vc_col-sm-12 wpb_column vc_column_container\"><div class=\"vc_column-inner\"><div class=\"wpb_wrapper\"><\/div><\/div><\/div><\/div><\/div><\/section>\n\n\n<section class=\"l-section wpb_row height_medium\"><div class=\"l-section-h i-cf\"><div class=\"g-cols type_default\"><div class=\"vc_col-sm-4 wpb_column vc_column_container\"><div class=\"vc_column-inner\"><div class=\"wpb_wrapper\"><div class=\"w-iconbox iconpos_top style_default color_primary icontype_img\"><a class=\"w-iconbox-link\" href=\"http:\/\/zomriabysizil.com\/\" target=\"_blank\"><div class=\"w-iconbox-icon\" style=\"font-size:170px;\"><img loading=\"lazy\" decoding=\"async\" src=\"https:\/\/pravdavlaske.sk\/wp-content\/uploads\/2018\/10\/zomriabysizil.png\" width=\"821\" height=\"152\" alt=\"Zomri, aby si \u017eil\"><\/div><h4 class=\"w-iconbox-title\">Zomri, aby si \u017eil<\/h4><\/a><div class=\"w-iconbox-text\">Webstr\u00e1nka s u\u010den\u00edm o evanjeliu, Trojici, kreacionizme a falo\u0161n\u00fdch n\u00e1bo\u017eenstv\u00e1ch. <\/div><\/div><\/div><\/div><\/div><div class=\"vc_col-sm-4 wpb_column vc_column_container\"><div class=\"vc_column-inner\"><div class=\"wpb_wrapper\"><div class=\"w-iconbox iconpos_top style_default color_primary icontype_img\"><a class=\"w-iconbox-link\" href=\"http:\/\/www.abdias.cz\/\" target=\"_blank\"><div class=\"w-iconbox-icon\" style=\"font-size:170px;\"><img loading=\"lazy\" decoding=\"async\" src=\"https:\/\/pravdavlaske.sk\/wp-content\/uploads\/2018\/11\/abdias.png\" width=\"1431\" height=\"426\" alt=\"Abdi\u00e1\u0161\"><\/div><h4 class=\"w-iconbox-title\">Abdi\u00e1\u0161<\/h4><\/a><div class=\"w-iconbox-text\">Kn\u00edhkupectvo<\/div><\/div><\/div><\/div><\/div><div class=\"vc_col-sm-4 wpb_column vc_column_container\"><div class=\"vc_column-inner\"><div class=\"wpb_wrapper\"><div class=\"w-iconbox iconpos_top style_default color_primary icontype_img\"><a class=\"w-iconbox-link\" href=\"https:\/\/www.radiologos.sk\/\" target=\"_blank\"><div class=\"w-iconbox-icon\" style=\"font-size:170px;\"><img loading=\"lazy\" decoding=\"async\" src=\"https:\/\/pravdavlaske.sk\/wp-content\/uploads\/2016\/12\/logos.jpg\" width=\"129\" height=\"61\" alt=\"R\u00e1dio LOGOS\"><\/div><h4 class=\"w-iconbox-title\">R\u00e1dio LOGOS<\/h4><\/a><div class=\"w-iconbox-text\">Internetov\u00e1 rozhlasov\u00e1 slu\u017eba<\/div><\/div><\/div><\/div><\/div><div class=\"vc_col-sm-12 wpb_column vc_column_container\"><div class=\"vc_column-inner\"><div class=\"wpb_wrapper\"><\/div><\/div><\/div><\/div><\/div><\/section>\n\n\n<section class=\"l-section wpb_row height_medium\"><div class=\"l-section-h i-cf\"><div class=\"g-cols type_default\"><div class=\"vc_col-sm-12 wpb_column vc_column_container\"><div class=\"vc_column-inner\"><div class=\"wpb_wrapper\"><div class=\"w-separator type_invisible size_large thick_1 style_solid color_border cont_none\"><span class=\"w-separator-h\"><\/span><\/div><\/div><\/div><\/div><\/div><\/div><\/section>","protected":false},"excerpt":{"rendered":"","protected":false},"author":1,"featured_media":0,"parent":0,"menu_order":0,"comment_status":"closed","ping_status":"closed","template":"","meta":{"footnotes":""},"class_list":["post-3705","page","type-page","status-publish","hentry"],"_links":{"self":[{"href":"https:\/\/pravdavlaske.sk\/en\/wp-json\/wp\/v2\/pages\/3705","targetHints":{"allow":["GET"]}}],"collection":[{"href":"https:\/\/pravdavlaske.sk\/en\/wp-json\/wp\/v2\/pages"}],"about":[{"href":"https:\/\/pravdavlaske.sk\/en\/wp-json\/wp\/v2\/types\/page"}],"author":[{"embeddable":true,"href":"https:\/\/pravdavlaske.sk\/en\/wp-json\/wp\/v2\/users\/1"}],"replies":[{"embeddable":true,"href":"https:\/\/pravdavlaske.sk\/en\/wp-json\/wp\/v2\/comments?post=3705"}],"version-history":[{"count":3,"href":"https:\/\/pravdavlaske.sk\/en\/wp-json\/wp\/v2\/pages\/3705\/revisions"}],"predecessor-version":[{"id":11200,"href":"https:\/\/pravdavlaske.sk\/en\/wp-json\/wp\/v2\/pages\/3705\/revisions\/11200"}],"wp:attachment":[{"href":"https:\/\/pravdavlaske.sk\/en\/wp-json\/wp\/v2\/media?parent=3705"}],"curies":[{"name":"wp","href":"https:\/\/api.w.org\/{rel}","templated":true}]}}